{"id":405,"date":"2024-01-21T22:47:00","date_gmt":"2024-01-21T21:47:00","guid":{"rendered":"https:\/\/fundacionopcionmundial.org\/?page_id=405"},"modified":"2025-04-03T23:07:21","modified_gmt":"2025-04-03T21:07:21","slug":"emprendimiento","status":"publish","type":"page","link":"https:\/\/fundacionopcionmundial.org\/index.php\/emprendimiento\/","title":{"rendered":"Emprendimiento"},"content":{"rendered":"\t\t<div data-elementor-type=\"wp-page\" data-elementor-id=\"405\" class=\"elementor elementor-405\" data-elementor-post-type=\"page\">\n\t\t\t\t<div class=\"elementor-element elementor-element-881cb68 animated-slow e-flex e-con-boxed wpr-particle-no wpr-jarallax-no wpr-parallax-no wpr-sticky-section-no wpr-equal-height-no elementor-invisible e-con e-parent\" data-id=\"881cb68\" data-element_type=\"container\" data-e-type=\"container\" data-settings=\"{&quot;background_background&quot;:&quot;classic&quot;,&quot;animation&quot;:&quot;fadeIn&quot;}\">\n\t\t\t\t\t<div class=\"e-con-inner\">\n\t\t\t\t<div class=\"elementor-element elementor-element-d38dd8c animated-slow elementor-view-default elementor-invisible elementor-widget elementor-widget-icon\" data-id=\"d38dd8c\" data-element_type=\"widget\" data-e-type=\"widget\" data-settings=\"{&quot;_animation&quot;:&quot;fadeInUp&quot;,&quot;_animation_delay&quot;:200}\" data-widget_type=\"icon.default\">\n\t\t\t\t<div class=\"elementor-widget-container\">\n\t\t\t\t\t\t\t<div class=\"elementor-icon-wrapper\">\n\t\t\t<div class=\"elementor-icon\">\n\t\t\t<i aria-hidden=\"true\" class=\"icon icon-save-money\"><\/i>\t\t\t<\/div>\n\t\t<\/div>\n\t\t\t\t\t\t<\/div>\n\t\t\t\t<\/div>\n\t\t\t\t<div class=\"elementor-element elementor-element-ffb417e elementor-widget__width-initial elementor-widget-tablet__width-initial animated-slow elementor-invisible elementor-widget elementor-widget-heading\" data-id=\"ffb417e\" data-element_type=\"widget\" data-e-type=\"widget\" data-settings=\"{&quot;_animation&quot;:&quot;fadeInUp&quot;,&quot;_animation_delay&quot;:200}\" data-widget_type=\"heading.default\">\n\t\t\t\t<div class=\"elementor-widget-container\">\n\t\t\t\t\t<h3 class=\"elementor-heading-title elementor-size-default\">Emprendimiento y Desarrollo Econ\u00f3mico<\/h3>\t\t\t\t<\/div>\n\t\t\t\t<\/div>\n\t\t\t\t\t<\/div>\n\t\t\t\t<\/div>\n\t\t<div class=\"elementor-element elementor-element-edf3cf9 e-flex e-con-boxed wpr-particle-no wpr-jarallax-no wpr-parallax-no wpr-sticky-section-no wpr-equal-height-no e-con e-parent\" data-id=\"edf3cf9\" data-element_type=\"container\" data-e-type=\"container\">\n\t\t\t\t\t<div class=\"e-con-inner\">\n\t\t<div class=\"elementor-element elementor-element-a84abb7 e-con-full e-flex wpr-particle-no wpr-jarallax-no wpr-parallax-no wpr-sticky-section-no wpr-equal-height-no e-con e-child\" data-id=\"a84abb7\" data-element_type=\"container\" data-e-type=\"container\">\n\t\t\t\t<div class=\"elementor-element elementor-element-20c9b8c animated-slow elementor-invisible elementor-widget elementor-widget-text-editor\" data-id=\"20c9b8c\" data-element_type=\"widget\" data-e-type=\"widget\" data-settings=\"{&quot;_animation&quot;:&quot;fadeInLeft&quot;}\" data-widget_type=\"text-editor.default\">\n\t\t\t\t<div class=\"elementor-widget-container\">\n\t\t\t\t\t\t\t\t\t<p><strong>Estrategia que busca promover la productividad, sea con una idea de negocio o una vinculaci\u00f3n laboral, esto ser\u00e1 una oportunidad como medio que har\u00e1 a cada hogar en condici\u00f3n de vulnerabilidad, sea autosostenible o en su defecto se supere.<\/strong><\/p><p><strong>Una buena administraci\u00f3n de recursos dar\u00e1 como resultado unas finanzas sanas y para dar inicio a una idea de negocio ser\u00e1 fundamental; el fortalecer competencias financieras y una capacidad instalada permitir\u00e1 hacer emprendedores exitosos y pr\u00f3speros en sus ideas de negocios.<\/strong><\/p>\t\t\t\t\t\t\t\t<\/div>\n\t\t\t\t<\/div>\n\t\t\t\t<\/div>\n\t\t<div class=\"elementor-element elementor-element-2b65d34 e-con-full animated-slow e-flex wpr-particle-no wpr-jarallax-no wpr-parallax-no wpr-sticky-section-no wpr-equal-height-no elementor-invisible e-con e-child\" data-id=\"2b65d34\" data-element_type=\"container\" data-e-type=\"container\" data-settings=\"{&quot;background_background&quot;:&quot;slideshow&quot;,&quot;background_slideshow_gallery&quot;:[{&quot;id&quot;:488,&quot;url&quot;:&quot;https:\\\/\\\/fundacionopcionmundial.org\\\/wp-content\\\/uploads\\\/2024\\\/01\\\/409173647_748286357336066_8414871145903034337_n-1.jpg&quot;},{&quot;id&quot;:489,&quot;url&quot;:&quot;https:\\\/\\\/fundacionopcionmundial.org\\\/wp-content\\\/uploads\\\/2024\\\/01\\\/409161761_748286214002747_1975319458874714975_n-1.jpg&quot;},{&quot;id&quot;:490,&quot;url&quot;:&quot;https:\\\/\\\/fundacionopcionmundial.org\\\/wp-content\\\/uploads\\\/2024\\\/01\\\/410278169_750077453823623_1046150533961481765_n-1.jpg&quot;},{&quot;id&quot;:491,&quot;url&quot;:&quot;https:\\\/\\\/fundacionopcionmundial.org\\\/wp-content\\\/uploads\\\/2024\\\/01\\\/410894908_750078583823510_2815197984703830756_n-1.jpg&quot;}],&quot;background_slideshow_ken_burns&quot;:&quot;yes&quot;,&quot;animation&quot;:&quot;fadeInRight&quot;,&quot;background_slideshow_loop&quot;:&quot;yes&quot;,&quot;background_slideshow_slide_duration&quot;:5000,&quot;background_slideshow_slide_transition&quot;:&quot;fade&quot;,&quot;background_slideshow_transition_duration&quot;:500,&quot;background_slideshow_ken_burns_zoom_direction&quot;:&quot;in&quot;}\">\n\t\t\t\t<\/div>\n\t\t\t\t\t<\/div>\n\t\t\t\t<\/div>\n\t\t<div class=\"elementor-element elementor-element-f40554f e-flex e-con-boxed wpr-particle-no wpr-jarallax-no wpr-parallax-no wpr-sticky-section-no wpr-equal-height-no e-con e-parent\" data-id=\"f40554f\" data-element_type=\"container\" data-e-type=\"container\">\n\t\t\t\t\t<div class=\"e-con-inner\">\n\t\t<div class=\"elementor-element elementor-element-03e621b e-con-full e-flex wpr-particle-no wpr-jarallax-no wpr-parallax-no wpr-sticky-section-no wpr-equal-height-no e-con e-child\" data-id=\"03e621b\" data-element_type=\"container\" data-e-type=\"container\">\n\t\t\t\t<div class=\"elementor-element elementor-element-3f8bbb9 animated-slow elementor-invisible elementor-widget elementor-widget-text-editor\" data-id=\"3f8bbb9\" data-element_type=\"widget\" data-e-type=\"widget\" data-settings=\"{&quot;_animation&quot;:&quot;fadeInRight&quot;}\" data-widget_type=\"text-editor.default\">\n\t\t\t\t<div class=\"elementor-widget-container\">\n\t\t\t\t\t\t\t\t\t<p><strong>Tener una escuela de educaci\u00f3n financiera brindar\u00e1 herramientas pedag\u00f3gicas que evitara la frustraci\u00f3n que vive cada emprendedor a iniciar idea de negocio y no poder cumplirla. Nuestra escuela de educaci\u00f3n financiera tendr\u00e1 como objetivos la de: hacerlos buenos administradores de los recursos, promover una cultura del ahorro y fomentar a que nuestros emprendedores den inicio a su vida crediticia.<\/strong><\/p>\t\t\t\t\t\t\t\t<\/div>\n\t\t\t\t<\/div>\n\t\t\t\t<\/div>\n\t\t<div class=\"elementor-element elementor-element-45691af e-con-full animated-slow e-flex wpr-particle-no wpr-jarallax-no wpr-parallax-no wpr-sticky-section-no wpr-equal-height-no elementor-invisible e-con e-child\" data-id=\"45691af\" data-element_type=\"container\" data-e-type=\"container\" data-settings=\"{&quot;background_background&quot;:&quot;slideshow&quot;,&quot;background_slideshow_gallery&quot;:[{&quot;id&quot;:492,&quot;url&quot;:&quot;https:\\\/\\\/fundacionopcionmundial.org\\\/wp-content\\\/uploads\\\/2024\\\/01\\\/405458932_744043517760350_340772599164133042_n.jpg&quot;},{&quot;id&quot;:493,&quot;url&quot;:&quot;https:\\\/\\\/fundacionopcionmundial.org\\\/wp-content\\\/uploads\\\/2024\\\/01\\\/406804095_744043534427015_2232331800123209198_n.jpg&quot;},{&quot;id&quot;:494,&quot;url&quot;:&quot;https:\\\/\\\/fundacionopcionmundial.org\\\/wp-content\\\/uploads\\\/2024\\\/01\\\/406382693_744043547760347_3927321270284697463_n.jpg&quot;},{&quot;id&quot;:495,&quot;url&quot;:&quot;https:\\\/\\\/fundacionopcionmundial.org\\\/wp-content\\\/uploads\\\/2024\\\/01\\\/410206026_748285660669469_2388447002125753730_n-1.jpg&quot;}],&quot;background_slideshow_ken_burns&quot;:&quot;yes&quot;,&quot;animation&quot;:&quot;fadeInLeft&quot;,&quot;background_slideshow_loop&quot;:&quot;yes&quot;,&quot;background_slideshow_slide_duration&quot;:5000,&quot;background_slideshow_slide_transition&quot;:&quot;fade&quot;,&quot;background_slideshow_transition_duration&quot;:500,&quot;background_slideshow_ken_burns_zoom_direction&quot;:&quot;in&quot;}\">\n\t\t\t\t<\/div>\n\t\t\t\t\t<\/div>\n\t\t\t\t<\/div>\n\t\t<div class=\"elementor-element elementor-element-0920978 animated-slow e-flex e-con-boxed wpr-particle-no wpr-jarallax-no wpr-parallax-no wpr-sticky-section-no wpr-equal-height-no elementor-invisible e-con e-parent\" data-id=\"0920978\" data-element_type=\"container\" data-e-type=\"container\" data-settings=\"{&quot;animation&quot;:&quot;swing&quot;}\">\n\t\t\t\t\t<div class=\"e-con-inner\">\n\t\t<div class=\"elementor-element elementor-element-e6b7742 e-con-full e-flex wpr-particle-no wpr-jarallax-no wpr-parallax-no wpr-sticky-section-no wpr-equal-height-no e-con e-child\" data-id=\"e6b7742\" data-element_type=\"container\" data-e-type=\"container\">\n\t\t\t\t<\/div>\n\t\t<div class=\"elementor-element elementor-element-aa87f75 e-con-full e-flex wpr-particle-no wpr-jarallax-no wpr-parallax-no wpr-sticky-section-no wpr-equal-height-no e-con e-child\" data-id=\"aa87f75\" data-element_type=\"container\" data-e-type=\"container\">\n\t\t\t\t<div class=\"elementor-element elementor-element-3c444ae elementor-widget elementor-widget-image\" data-id=\"3c444ae\" data-element_type=\"widget\" data-e-type=\"widget\" data-widget_type=\"image.default\">\n\t\t\t\t<div class=\"elementor-widget-container\">\n\t\t\t\t\t\t\t\t\t\t\t\t\t\t\t\t<a href=\"https:\/\/fundacionopcionmundial.org\/?page_id=3027\">\n\t\t\t\t\t\t\t<img fetchpriority=\"high\" decoding=\"async\" width=\"450\" height=\"450\" src=\"https:\/\/fundacionopcionmundial.org\/wp-content\/uploads\/2025\/02\/EDUCACION.png\" class=\"elementor-animation-float attachment-large size-large wp-image-2871\" alt=\"\" srcset=\"https:\/\/fundacionopcionmundial.org\/wp-content\/uploads\/2025\/02\/EDUCACION.png 450w, https:\/\/fundacionopcionmundial.org\/wp-content\/uploads\/2025\/02\/EDUCACION-300x300.png 300w, https:\/\/fundacionopcionmundial.org\/wp-content\/uploads\/2025\/02\/EDUCACION-150x150.png 150w\" sizes=\"(max-width: 450px) 100vw, 450px\" \/>\t\t\t\t\t\t\t\t<\/a>\n\t\t\t\t\t\t\t\t\t\t\t\t\t\t\t<\/div>\n\t\t\t\t<\/div>\n\t\t\t\t<div class=\"elementor-element elementor-element-5688518 elementor-widget elementor-widget-heading\" data-id=\"5688518\" data-element_type=\"widget\" data-e-type=\"widget\" data-widget_type=\"heading.default\">\n\t\t\t\t<div class=\"elementor-widget-container\">\n\t\t\t\t\t<h3 class=\"elementor-heading-title elementor-size-default\"><a href=\"https:\/\/fundacionopcionmundial.org\/?page_id=3027\">Educaci\u00f3n financiera\n<\/a><\/h3>\t\t\t\t<\/div>\n\t\t\t\t<\/div>\n\t\t\t\t<\/div>\n\t\t<div class=\"elementor-element elementor-element-6536961 e-con-full e-flex wpr-particle-no wpr-jarallax-no wpr-parallax-no wpr-sticky-section-no wpr-equal-height-no e-con e-child\" data-id=\"6536961\" data-element_type=\"container\" data-e-type=\"container\">\n\t\t\t\t<div class=\"elementor-element elementor-element-6381695 elementor-widget elementor-widget-image\" data-id=\"6381695\" data-element_type=\"widget\" data-e-type=\"widget\" data-widget_type=\"image.default\">\n\t\t\t\t<div class=\"elementor-widget-container\">\n\t\t\t\t\t\t\t\t\t\t\t\t\t\t\t<img decoding=\"async\" width=\"450\" height=\"450\" src=\"https:\/\/fundacionopcionmundial.org\/wp-content\/uploads\/2025\/02\/ingresos.png\" class=\"elementor-animation-float attachment-large size-large wp-image-2872\" alt=\"\" srcset=\"https:\/\/fundacionopcionmundial.org\/wp-content\/uploads\/2025\/02\/ingresos.png 450w, https:\/\/fundacionopcionmundial.org\/wp-content\/uploads\/2025\/02\/ingresos-300x300.png 300w, https:\/\/fundacionopcionmundial.org\/wp-content\/uploads\/2025\/02\/ingresos-150x150.png 150w\" sizes=\"(max-width: 450px) 100vw, 450px\" \/>\t\t\t\t\t\t\t\t\t\t\t\t\t\t\t<\/div>\n\t\t\t\t<\/div>\n\t\t\t\t<div class=\"elementor-element elementor-element-cac30bd elementor-widget elementor-widget-heading\" data-id=\"cac30bd\" data-element_type=\"widget\" data-e-type=\"widget\" data-widget_type=\"heading.default\">\n\t\t\t\t<div class=\"elementor-widget-container\">\n\t\t\t\t\t<h3 class=\"elementor-heading-title elementor-size-default\">Generaci\u00f3n de ingresos<\/h3>\t\t\t\t<\/div>\n\t\t\t\t<\/div>\n\t\t\t\t<\/div>\n\t\t<div class=\"elementor-element elementor-element-adf2ea0 e-con-full e-flex wpr-particle-no wpr-jarallax-no wpr-parallax-no wpr-sticky-section-no wpr-equal-height-no e-con e-child\" data-id=\"adf2ea0\" data-element_type=\"container\" data-e-type=\"container\">\n\t\t\t\t<div class=\"elementor-element elementor-element-6346520 elementor-widget elementor-widget-image\" data-id=\"6346520\" data-element_type=\"widget\" data-e-type=\"widget\" data-widget_type=\"image.default\">\n\t\t\t\t<div class=\"elementor-widget-container\">\n\t\t\t\t\t\t\t\t\t\t\t\t\t\t\t<img decoding=\"async\" width=\"450\" height=\"450\" src=\"https:\/\/fundacionopcionmundial.org\/wp-content\/uploads\/2025\/02\/Inclusion-laboral.png\" class=\"elementor-animation-float attachment-large size-large wp-image-2873\" alt=\"\" srcset=\"https:\/\/fundacionopcionmundial.org\/wp-content\/uploads\/2025\/02\/Inclusion-laboral.png 450w, https:\/\/fundacionopcionmundial.org\/wp-content\/uploads\/2025\/02\/Inclusion-laboral-300x300.png 300w, https:\/\/fundacionopcionmundial.org\/wp-content\/uploads\/2025\/02\/Inclusion-laboral-150x150.png 150w\" sizes=\"(max-width: 450px) 100vw, 450px\" \/>\t\t\t\t\t\t\t\t\t\t\t\t\t\t\t<\/div>\n\t\t\t\t<\/div>\n\t\t\t\t<div class=\"elementor-element elementor-element-123619b elementor-widget elementor-widget-heading\" data-id=\"123619b\" data-element_type=\"widget\" data-e-type=\"widget\" data-widget_type=\"heading.default\">\n\t\t\t\t<div class=\"elementor-widget-container\">\n\t\t\t\t\t<h3 class=\"elementor-heading-title elementor-size-default\">Inclusi\u00f3n laboral<\/h3>\t\t\t\t<\/div>\n\t\t\t\t<\/div>\n\t\t\t\t<\/div>\n\t\t\t\t\t<\/div>\n\t\t\t\t<\/div>\n\t\t\t\t<\/div>\n\t\t","protected":false},"excerpt":{"rendered":"<p>Emprendimiento y Desarrollo Econ\u00f3mico Estrategia que busca promover la productividad, sea con una idea de negocio o una vinculaci\u00f3n laboral, esto ser\u00e1 una oportunidad como medio que har\u00e1 a cada hogar en condici\u00f3n de vulnerabilidad, sea autosostenible o en su defecto se supere. Una buena administraci\u00f3n de recursos dar\u00e1 como resultado unas finanzas sanas y para dar inicio a una idea de negocio ser\u00e1 fundamental; el fortalecer competencias financieras y una capacidad instalada permitir\u00e1 hacer emprendedores exitosos y pr\u00f3speros en sus ideas de negocios. Tener una escuela de educaci\u00f3n financiera brindar\u00e1 herramientas pedag\u00f3gicas que evitara la frustraci\u00f3n que vive cada emprendedor a iniciar idea de negocio y no poder cumplirla. Nuestra escuela de educaci\u00f3n financiera tendr\u00e1 como objetivos la de: hacerlos buenos administradores de los recursos, promover una cultura del ahorro y fomentar a que nuestros emprendedores den inicio a su vida crediticia. \u00bfC\u00d3MO LO HACEMOS? Lideramos y articulamos proyectos de emprendimiento para j\u00f3venes de Cartagena y bol\u00edvarofreciendo oportunidades de superaci\u00f3n, trav\u00e9s de modelos de negocios de emprendimientos sostenibles:\u00a0 Educaci\u00f3n financiera Generaci\u00f3n de ingresos Inclusi\u00f3n laboral<\/p>\n","protected":false},"author":1,"featured_media":0,"parent":0,"menu_order":0,"comment_status":"closed","ping_status":"closed","template":"","meta":{"_uag_custom_page_level_css":"","site-sidebar-layout":"no-sidebar","site-content-layout":"","ast-site-content-layout":"full-width-container","site-content-style":"default","site-sidebar-style":"default","ast-global-header-display":"","ast-banner-title-visibility":"","ast-main-header-display":"","ast-hfb-above-header-display":"","ast-hfb-below-header-display":"","ast-hfb-mobile-header-display":"","site-post-title":"disabled","ast-breadcrumbs-content":"","ast-featured-img":"disabled","footer-sml-layout":"","theme-transparent-header-meta":"","adv-header-id-meta":"","stick-header-meta":"","header-above-stick-meta":"","header-main-stick-meta":"","header-below-stick-meta":"","astra-migrate-meta-layouts":"default","ast-page-background-enabled":"default","ast-page-background-meta":{"desktop":{"background-color":"var(--ast-global-color-4)","background-image":"","background-repeat":"repeat","background-position":"center center","background-size":"auto","background-attachment":"scroll","background-type":"","background-media":"","overlay-type":"","overlay-color":"","overlay-gradient":""},"tablet":{"background-color":"","background-image":"","background-repeat":"repeat","background-position":"center center","background-size":"auto","background-attachment":"scroll","background-type":"","background-media":"","overlay-type":"","overlay-color":"","overlay-gradient":""},"mobile":{"background-color":"","background-image":"","background-repeat":"repeat","background-position":"center center","background-size":"auto","background-attachment":"scroll","background-type":"","background-media":"","overlay-type":"","overlay-color":"","overlay-gradient":""}},"ast-content-background-meta":{"desktop":{"background-color":"var(--ast-global-color-5)","background-image":"","background-repeat":"repeat","background-position":"center center","background-size":"auto","background-attachment":"scroll","background-type":"","background-media":"","overlay-type":"","overlay-color":"","overlay-gradient":""},"tablet":{"background-color":"var(--ast-global-color-5)","background-image":"","background-repeat":"repeat","background-position":"center center","background-size":"auto","background-attachment":"scroll","background-type":"","background-media":"","overlay-type":"","overlay-color":"","overlay-gradient":""},"mobile":{"background-color":"var(--ast-global-color-5)","background-image":"","background-repeat":"repeat","background-position":"center center","background-size":"auto","background-attachment":"scroll","background-type":"","background-media":"","overlay-type":"","overlay-color":"","overlay-gradient":""}},"footnotes":""},"class_list":["post-405","page","type-page","status-publish","hentry"],"uagb_featured_image_src":{"full":false,"thumbnail":false,"medium":false,"medium_large":false,"large":false,"1536x1536":false,"2048x2048":false},"uagb_author_info":{"display_name":"directortic","author_link":"https:\/\/fundacionopcionmundial.org\/author\/directortic\/"},"uagb_comment_info":0,"uagb_excerpt":"Emprendimiento y Desarrollo Econ\u00f3mico Estrategia que busca promover la productividad, sea con una idea de negocio o una vinculaci\u00f3n laboral, esto ser\u00e1 una oportunidad como medio que har\u00e1 a cada hogar en condici\u00f3n de vulnerabilidad, sea autosostenible o en su defecto se supere. Una buena administraci\u00f3n de recursos dar\u00e1 como resultado unas finanzas sanas y&hellip;","_links":{"self":[{"href":"https:\/\/fundacionopcionmundial.org\/index.php\/wp-json\/wp\/v2\/pages\/405","targetHints":{"allow":["GET"]}}],"collection":[{"href":"https:\/\/fundacionopcionmundial.org\/index.php\/wp-json\/wp\/v2\/pages"}],"about":[{"href":"https:\/\/fundacionopcionmundial.org\/index.php\/wp-json\/wp\/v2\/types\/page"}],"author":[{"embeddable":true,"href":"https:\/\/fundacionopcionmundial.org\/index.php\/wp-json\/wp\/v2\/users\/1"}],"replies":[{"embeddable":true,"href":"https:\/\/fundacionopcionmundial.org\/index.php\/wp-json\/wp\/v2\/comments?post=405"}],"version-history":[{"count":59,"href":"https:\/\/fundacionopcionmundial.org\/index.php\/wp-json\/wp\/v2\/pages\/405\/revisions"}],"predecessor-version":[{"id":4658,"href":"https:\/\/fundacionopcionmundial.org\/index.php\/wp-json\/wp\/v2\/pages\/405\/revisions\/4658"}],"wp:attachment":[{"href":"https:\/\/fundacionopcionmundial.org\/index.php\/wp-json\/wp\/v2\/media?parent=405"}],"curies":[{"name":"wp","href":"https:\/\/api.w.org\/{rel}","templated":true}]}}