{"id":45,"date":"2024-01-20T23:10:21","date_gmt":"2024-01-20T22:10:21","guid":{"rendered":"https:\/\/fundacionopcionmundial.org\/?page_id=45"},"modified":"2025-06-20T20:29:07","modified_gmt":"2025-06-20T18:29:07","slug":"educacion-gratuita","status":"publish","type":"page","link":"https:\/\/fundacionopcionmundial.org\/index.php\/educacion-gratuita\/","title":{"rendered":"Educaci\u00f3n"},"content":{"rendered":"\t\t<div data-elementor-type=\"wp-page\" data-elementor-id=\"45\" class=\"elementor elementor-45\" data-elementor-post-type=\"page\">\n\t\t\t\t<div class=\"elementor-element elementor-element-18a1232 animated-slow e-flex e-con-boxed wpr-particle-no wpr-jarallax-no wpr-parallax-no wpr-sticky-section-no wpr-equal-height-no elementor-invisible e-con e-parent\" data-id=\"18a1232\" data-element_type=\"container\" data-e-type=\"container\" data-settings=\"{&quot;background_background&quot;:&quot;classic&quot;,&quot;background_motion_fx_motion_fx_scrolling&quot;:&quot;yes&quot;,&quot;background_motion_fx_motion_fx_mouse&quot;:&quot;yes&quot;,&quot;animation&quot;:&quot;fadeIn&quot;,&quot;background_motion_fx_devices&quot;:[&quot;desktop&quot;,&quot;tablet&quot;,&quot;mobile&quot;]}\">\n\t\t\t\t\t<div class=\"e-con-inner\">\n\t\t\t\t<div class=\"elementor-element elementor-element-48ad319 animated-slow elementor-view-default elementor-invisible elementor-widget elementor-widget-icon\" data-id=\"48ad319\" data-element_type=\"widget\" data-e-type=\"widget\" data-settings=\"{&quot;_animation&quot;:&quot;fadeInUp&quot;,&quot;_animation_delay&quot;:200}\" data-widget_type=\"icon.default\">\n\t\t\t\t<div class=\"elementor-widget-container\">\n\t\t\t\t\t\t\t<div class=\"elementor-icon-wrapper\">\n\t\t\t<div class=\"elementor-icon\">\n\t\t\t<svg aria-hidden=\"true\" class=\"e-font-icon-svg e-fas-book-reader\" viewBox=\"0 0 512 512\" xmlns=\"http:\/\/www.w3.org\/2000\/svg\"><path d=\"M352 96c0-53.02-42.98-96-96-96s-96 42.98-96 96 42.98 96 96 96 96-42.98 96-96zM233.59 241.1c-59.33-36.32-155.43-46.3-203.79-49.05C13.55 191.13 0 203.51 0 219.14v222.8c0 14.33 11.59 26.28 26.49 27.05 43.66 2.29 131.99 10.68 193.04 41.43 9.37 4.72 20.48-1.71 20.48-11.87V252.56c-.01-4.67-2.32-8.95-6.42-11.46zm248.61-49.05c-48.35 2.74-144.46 12.73-203.78 49.05-4.1 2.51-6.41 6.96-6.41 11.63v245.79c0 10.19 11.14 16.63 20.54 11.9 61.04-30.72 149.32-39.11 192.97-41.4 14.9-.78 26.49-12.73 26.49-27.06V219.14c-.01-15.63-13.56-28.01-29.81-27.09z\"><\/path><\/svg>\t\t\t<\/div>\n\t\t<\/div>\n\t\t\t\t\t\t<\/div>\n\t\t\t\t<\/div>\n\t\t\t\t<div class=\"elementor-element elementor-element-4a24f43 elementor-widget__width-initial elementor-widget-mobile__width-initial elementor-widget-tablet__width-initial animated-slow elementor-widget elementor-widget-heading\" data-id=\"4a24f43\" data-element_type=\"widget\" data-e-type=\"widget\" data-settings=\"{&quot;_animation&quot;:&quot;none&quot;,&quot;_animation_delay&quot;:200}\" data-widget_type=\"heading.default\">\n\t\t\t\t<div class=\"elementor-widget-container\">\n\t\t\t\t\t<h2 class=\"elementor-heading-title elementor-size-default\">EDUCACI\u00d3N<\/h2>\t\t\t\t<\/div>\n\t\t\t\t<\/div>\n\t\t\t\t\t<\/div>\n\t\t\t\t<\/div>\n\t\t<div class=\"elementor-element elementor-element-1f818cc e-flex e-con-boxed wpr-particle-no wpr-jarallax-no wpr-parallax-no wpr-sticky-section-no wpr-equal-height-no e-con e-parent\" data-id=\"1f818cc\" data-element_type=\"container\" data-e-type=\"container\">\n\t\t\t\t\t<div class=\"e-con-inner\">\n\t\t<div class=\"elementor-element elementor-element-ff217ce e-con-full e-flex wpr-particle-no wpr-jarallax-no wpr-parallax-no wpr-sticky-section-no wpr-equal-height-no e-con e-child\" data-id=\"ff217ce\" data-element_type=\"container\" data-e-type=\"container\" data-settings=\"{&quot;background_background&quot;:&quot;slideshow&quot;,&quot;background_slideshow_gallery&quot;:[{&quot;id&quot;:455,&quot;url&quot;:&quot;https:\\\/\\\/fundacionopcionmundial.org\\\/wp-content\\\/uploads\\\/2024\\\/01\\\/IMG_8519-scaled.jpg&quot;},{&quot;id&quot;:454,&quot;url&quot;:&quot;https:\\\/\\\/fundacionopcionmundial.org\\\/wp-content\\\/uploads\\\/2024\\\/01\\\/IMG_8520-scaled.jpg&quot;},{&quot;id&quot;:453,&quot;url&quot;:&quot;https:\\\/\\\/fundacionopcionmundial.org\\\/wp-content\\\/uploads\\\/2024\\\/01\\\/IMG_8521-scaled.jpg&quot;}],&quot;background_slideshow_slide_transition&quot;:&quot;slide_right&quot;,&quot;background_slideshow_transition_duration&quot;:5000,&quot;background_slideshow_loop&quot;:&quot;yes&quot;,&quot;background_slideshow_slide_duration&quot;:5000}\">\n\t\t\t\t<\/div>\n\t\t<div class=\"elementor-element elementor-element-c08cfd3 e-con-full e-flex wpr-particle-no wpr-jarallax-no wpr-parallax-no wpr-sticky-section-no wpr-equal-height-no e-con e-child\" data-id=\"c08cfd3\" data-element_type=\"container\" data-e-type=\"container\">\n\t\t\t\t<div class=\"elementor-element elementor-element-db637d8 elementor-widget elementor-widget-text-editor\" data-id=\"db637d8\" data-element_type=\"widget\" data-e-type=\"widget\" data-widget_type=\"text-editor.default\">\n\t\t\t\t<div class=\"elementor-widget-container\">\n\t\t\t\t\t\t\t\t\t<p style=\"text-align: justify;\"><br \/>Nuestra fundaci\u00f3n busca fomentar el acceso a una educaci\u00f3n integral, de calidad y gratuita, consider\u00e1ndola un motor de desarrollo humano y econ\u00f3mico. <br \/>Nos enfocamos en comunidades marginadas por su situaci\u00f3n socioecon\u00f3mica, promoviendo cooperaci\u00f3n con aliados para beneficiar a ni\u00f1os, adolescentes y j\u00f3venes. <br \/>Adem\u00e1s, implementamos cursos cortos como una apuesta a que nuestra poblaci\u00f3n, por un lado, haga uso creativo del tiempo libre y, por otro, genere productividad en ellos.<\/p>\t\t\t\t\t\t\t\t<\/div>\n\t\t\t\t<\/div>\n\t\t\t\t<\/div>\n\t\t\t\t\t<\/div>\n\t\t\t\t<\/div>\n\t\t<div class=\"elementor-element elementor-element-64a513f e-flex e-con-boxed wpr-particle-no wpr-jarallax-no wpr-parallax-no wpr-sticky-section-no wpr-equal-height-no e-con e-parent\" data-id=\"64a513f\" data-element_type=\"container\" data-e-type=\"container\">\n\t\t\t\t\t<div class=\"e-con-inner\">\n\t\t<div class=\"elementor-element elementor-element-40ef194 e-con-full e-flex wpr-particle-no wpr-jarallax-no wpr-parallax-no wpr-sticky-section-no wpr-equal-height-no e-con e-child\" data-id=\"40ef194\" data-element_type=\"container\" data-e-type=\"container\">\n\t\t\t\t<div class=\"elementor-element elementor-element-d92b2f7 elementor-widget elementor-widget-text-editor\" data-id=\"d92b2f7\" data-element_type=\"widget\" data-e-type=\"widget\" data-widget_type=\"text-editor.default\">\n\t\t\t\t<div class=\"elementor-widget-container\">\n\t\t\t\t\t\t\t\t\t<p style=\"text-align: justify;\"><br \/>Actualmente somos consientes que no es suficiente llevar a nuestra comunidad a procesos formativos cortos, debido a la demanda del sector productivo. No solo buscamos fortalecer competencias humanas, tambi\u00e9n promovemos la inclusi\u00f3n laboral pensando en llevar a nuestra comunidad a otro nivel formativo como lo es una \u201ceducaci\u00f3n para el trabajo y el desarrollo humano\u201d.<br \/>Tenemos como aliado principal a la fundaci\u00f3n Internacional de educaci\u00f3n ELyon Yireh\u00a0<\/p>\t\t\t\t\t\t\t\t<\/div>\n\t\t\t\t<\/div>\n\t\t\t\t<\/div>\n\t\t<div class=\"elementor-element elementor-element-24768f3 e-con-full e-flex wpr-particle-no wpr-jarallax-no wpr-parallax-no wpr-sticky-section-no wpr-equal-height-no e-con e-child\" data-id=\"24768f3\" data-element_type=\"container\" data-e-type=\"container\" data-settings=\"{&quot;background_background&quot;:&quot;slideshow&quot;,&quot;background_slideshow_gallery&quot;:[{&quot;id&quot;:494,&quot;url&quot;:&quot;https:\\\/\\\/fundacionopcionmundial.org\\\/wp-content\\\/uploads\\\/2024\\\/01\\\/406382693_744043547760347_3927321270284697463_n.jpg&quot;},{&quot;id&quot;:493,&quot;url&quot;:&quot;https:\\\/\\\/fundacionopcionmundial.org\\\/wp-content\\\/uploads\\\/2024\\\/01\\\/406804095_744043534427015_2232331800123209198_n.jpg&quot;},{&quot;id&quot;:492,&quot;url&quot;:&quot;https:\\\/\\\/fundacionopcionmundial.org\\\/wp-content\\\/uploads\\\/2024\\\/01\\\/405458932_744043517760350_340772599164133042_n.jpg&quot;}],&quot;background_slideshow_slide_transition&quot;:&quot;slide_right&quot;,&quot;background_slideshow_transition_duration&quot;:5000,&quot;background_slideshow_loop&quot;:&quot;yes&quot;,&quot;background_slideshow_slide_duration&quot;:5000}\">\n\t\t\t\t<\/div>\n\t\t\t\t\t<\/div>\n\t\t\t\t<\/div>\n\t\t<div class=\"elementor-element elementor-element-0ca25ab animated-slow e-flex e-con-boxed wpr-particle-no wpr-jarallax-no wpr-parallax-no wpr-sticky-section-no wpr-equal-height-no e-con e-parent\" data-id=\"0ca25ab\" data-element_type=\"container\" data-e-type=\"container\" data-settings=\"{&quot;animation&quot;:&quot;none&quot;}\">\n\t\t\t\t\t<div class=\"e-con-inner\">\n\t\t<div class=\"elementor-element elementor-element-42c1041 e-con-full e-flex wpr-particle-no wpr-jarallax-no wpr-parallax-no wpr-sticky-section-no wpr-equal-height-no e-con e-child\" data-id=\"42c1041\" data-element_type=\"container\" data-e-type=\"container\" data-settings=\"{&quot;animation&quot;:&quot;none&quot;}\">\n\t\t\t\t<div class=\"elementor-element elementor-element-bf5a239 elementor-widget elementor-widget-image\" data-id=\"bf5a239\" data-element_type=\"widget\" data-e-type=\"widget\" data-widget_type=\"image.default\">\n\t\t\t\t<div class=\"elementor-widget-container\">\n\t\t\t\t\t\t\t\t\t\t\t\t\t\t\t\t<a href=\"https:\/\/fundacionopcionmundial.org\/index.php\/plan-padrino\/\">\n\t\t\t\t\t\t\t<img fetchpriority=\"high\" decoding=\"async\" width=\"450\" height=\"450\" src=\"https:\/\/fundacionopcionmundial.org\/wp-content\/uploads\/2025\/02\/Plan-Padrino.png\" class=\"elementor-animation-float attachment-large size-large wp-image-2817\" alt=\"\" srcset=\"https:\/\/fundacionopcionmundial.org\/wp-content\/uploads\/2025\/02\/Plan-Padrino.png 450w, https:\/\/fundacionopcionmundial.org\/wp-content\/uploads\/2025\/02\/Plan-Padrino-300x300.png 300w, https:\/\/fundacionopcionmundial.org\/wp-content\/uploads\/2025\/02\/Plan-Padrino-150x150.png 150w\" sizes=\"(max-width: 450px) 100vw, 450px\" \/>\t\t\t\t\t\t\t\t<\/a>\n\t\t\t\t\t\t\t\t\t\t\t\t\t\t\t<\/div>\n\t\t\t\t<\/div>\n\t\t\t\t<div class=\"elementor-element elementor-element-a5e3312 elementor-widget elementor-widget-heading\" data-id=\"a5e3312\" data-element_type=\"widget\" data-e-type=\"widget\" data-widget_type=\"heading.default\">\n\t\t\t\t<div class=\"elementor-widget-container\">\n\t\t\t\t\t<span class=\"elementor-heading-title elementor-size-default\"><a href=\"https:\/\/fundacionopcionmundial.org\/index.php\/plan-padrino\/\">Plan Padrino<\/a><\/span>\t\t\t\t<\/div>\n\t\t\t\t<\/div>\n\t\t\t\t<\/div>\n\t\t<div class=\"elementor-element elementor-element-b34c03f e-con-full e-flex wpr-particle-no wpr-jarallax-no wpr-parallax-no wpr-sticky-section-no wpr-equal-height-no e-con e-child\" data-id=\"b34c03f\" data-element_type=\"container\" data-e-type=\"container\">\n\t\t\t\t<div class=\"elementor-element elementor-element-71d250a elementor-widget elementor-widget-image\" data-id=\"71d250a\" data-element_type=\"widget\" data-e-type=\"widget\" data-widget_type=\"image.default\">\n\t\t\t\t<div class=\"elementor-widget-container\">\n\t\t\t\t\t\t\t\t\t\t\t\t\t\t\t\t<a href=\"https:\/\/fundacionopcionmundial.org\/index.php\/inclusion\/\">\n\t\t\t\t\t\t\t<img decoding=\"async\" width=\"450\" height=\"450\" src=\"https:\/\/fundacionopcionmundial.org\/wp-content\/uploads\/2025\/02\/inclusion.png\" class=\"elementor-animation-float attachment-large size-large wp-image-2818\" alt=\"\" srcset=\"https:\/\/fundacionopcionmundial.org\/wp-content\/uploads\/2025\/02\/inclusion.png 450w, https:\/\/fundacionopcionmundial.org\/wp-content\/uploads\/2025\/02\/inclusion-300x300.png 300w, https:\/\/fundacionopcionmundial.org\/wp-content\/uploads\/2025\/02\/inclusion-150x150.png 150w\" sizes=\"(max-width: 450px) 100vw, 450px\" \/>\t\t\t\t\t\t\t\t<\/a>\n\t\t\t\t\t\t\t\t\t\t\t\t\t\t\t<\/div>\n\t\t\t\t<\/div>\n\t\t\t\t<div class=\"elementor-element elementor-element-ab7c878 elementor-widget elementor-widget-heading\" data-id=\"ab7c878\" data-element_type=\"widget\" data-e-type=\"widget\" data-widget_type=\"heading.default\">\n\t\t\t\t<div class=\"elementor-widget-container\">\n\t\t\t\t\t<span class=\"elementor-heading-title elementor-size-default\"><a href=\"https:\/\/fundacionopcionmundial.org\/?page_id=2829\">Inclusi\u00f3n<\/a><\/span>\t\t\t\t<\/div>\n\t\t\t\t<\/div>\n\t\t\t\t<\/div>\n\t\t<div class=\"elementor-element elementor-element-52f122c e-con-full e-flex wpr-particle-no wpr-jarallax-no wpr-parallax-no wpr-sticky-section-no wpr-equal-height-no e-con e-child\" data-id=\"52f122c\" data-element_type=\"container\" data-e-type=\"container\">\n\t\t\t\t<div class=\"elementor-element elementor-element-44b4311 elementor-widget elementor-widget-image\" data-id=\"44b4311\" data-element_type=\"widget\" data-e-type=\"widget\" data-widget_type=\"image.default\">\n\t\t\t\t<div class=\"elementor-widget-container\">\n\t\t\t\t\t\t\t\t\t\t\t\t\t\t\t\t<a href=\"https:\/\/fundacionopcionmundial.org\/index.php\/comunidad\/\">\n\t\t\t\t\t\t\t<img decoding=\"async\" width=\"450\" height=\"450\" src=\"https:\/\/fundacionopcionmundial.org\/wp-content\/uploads\/2025\/02\/comunidad-3.png\" class=\"elementor-animation-float attachment-large size-large wp-image-2884\" alt=\"\" srcset=\"https:\/\/fundacionopcionmundial.org\/wp-content\/uploads\/2025\/02\/comunidad-3.png 450w, https:\/\/fundacionopcionmundial.org\/wp-content\/uploads\/2025\/02\/comunidad-3-300x300.png 300w, https:\/\/fundacionopcionmundial.org\/wp-content\/uploads\/2025\/02\/comunidad-3-150x150.png 150w\" sizes=\"(max-width: 450px) 100vw, 450px\" \/>\t\t\t\t\t\t\t\t<\/a>\n\t\t\t\t\t\t\t\t\t\t\t\t\t\t\t<\/div>\n\t\t\t\t<\/div>\n\t\t\t\t<div class=\"elementor-element elementor-element-8d7d921 elementor-widget elementor-widget-heading\" data-id=\"8d7d921\" data-element_type=\"widget\" data-e-type=\"widget\" data-widget_type=\"heading.default\">\n\t\t\t\t<div class=\"elementor-widget-container\">\n\t\t\t\t\t<span class=\"elementor-heading-title elementor-size-default\"><a href=\"https:\/\/fundacionopcionmundial.org\/index.php\/comunidad\/\">Comunidad<\/a><\/span>\t\t\t\t<\/div>\n\t\t\t\t<\/div>\n\t\t\t\t<\/div>\n\t\t\t\t\t<\/div>\n\t\t\t\t<\/div>\n\t\t\t\t<\/div>\n\t\t","protected":false},"excerpt":{"rendered":"<p>EDUCACI\u00d3N Nuestra fundaci\u00f3n busca fomentar el acceso a una educaci\u00f3n integral, de calidad y gratuita, consider\u00e1ndola un motor de desarrollo humano y econ\u00f3mico. Nos enfocamos en comunidades marginadas por su situaci\u00f3n socioecon\u00f3mica, promoviendo cooperaci\u00f3n con aliados para beneficiar a ni\u00f1os, adolescentes y j\u00f3venes. Adem\u00e1s, implementamos cursos cortos como una apuesta a que nuestra poblaci\u00f3n, por un lado, haga uso creativo del tiempo libre y, por otro, genere productividad en ellos. Actualmente somos consientes que no es suficiente llevar a nuestra comunidad a procesos formativos cortos, debido a la demanda del sector productivo. No solo buscamos fortalecer competencias humanas, tambi\u00e9n promovemos la inclusi\u00f3n laboral pensando en llevar a nuestra comunidad a otro nivel formativo como lo es una \u201ceducaci\u00f3n para el trabajo y el desarrollo humano\u201d.Tenemos como aliado principal a la fundaci\u00f3n Internacional de educaci\u00f3n ELyon Yireh\u00a0 Plan Padrino Inclusi\u00f3n Comunidad<\/p>\n","protected":false},"author":1,"featured_media":0,"parent":0,"menu_order":0,"comment_status":"closed","ping_status":"closed","template":"","meta":{"_uag_custom_page_level_css":"","site-sidebar-layout":"no-sidebar","site-content-layout":"","ast-site-content-layout":"full-width-container","site-content-style":"default","site-sidebar-style":"default","ast-global-header-display":"","ast-banner-title-visibility":"","ast-main-header-display":"","ast-hfb-above-header-display":"","ast-hfb-below-header-display":"","ast-hfb-mobile-header-display":"","site-post-title":"disabled","ast-breadcrumbs-content":"","ast-featured-img":"disabled","footer-sml-layout":"","theme-transparent-header-meta":"","adv-header-id-meta":"","stick-header-meta":"","header-above-stick-meta":"","header-main-stick-meta":"","header-below-stick-meta":"","astra-migrate-meta-layouts":"default","ast-page-background-enabled":"default","ast-page-background-meta":{"desktop":{"background-color":"var(--ast-global-color-4)","background-image":"","background-repeat":"repeat","background-position":"center center","background-size":"auto","background-attachment":"scroll","background-type":"","background-media":"","overlay-type":"","overlay-color":"","overlay-gradient":""},"tablet":{"background-color":"","background-image":"","background-repeat":"repeat","background-position":"center center","background-size":"auto","background-attachment":"scroll","background-type":"","background-media":"","overlay-type":"","overlay-color":"","overlay-gradient":""},"mobile":{"background-color":"","background-image":"","background-repeat":"repeat","background-position":"center center","background-size":"auto","background-attachment":"scroll","background-type":"","background-media":"","overlay-type":"","overlay-color":"","overlay-gradient":""}},"ast-content-background-meta":{"desktop":{"background-color":"var(--ast-global-color-5)","background-image":"","background-repeat":"repeat","background-position":"center center","background-size":"auto","background-attachment":"scroll","background-type":"","background-media":"","overlay-type":"","overlay-color":"","overlay-gradient":""},"tablet":{"background-color":"var(--ast-global-color-5)","background-image":"","background-repeat":"repeat","background-position":"center center","background-size":"auto","background-attachment":"scroll","background-type":"","background-media":"","overlay-type":"","overlay-color":"","overlay-gradient":""},"mobile":{"background-color":"var(--ast-global-color-5)","background-image":"","background-repeat":"repeat","background-position":"center center","background-size":"auto","background-attachment":"scroll","background-type":"","background-media":"","overlay-type":"","overlay-color":"","overlay-gradient":""}},"footnotes":""},"class_list":["post-45","page","type-page","status-publish","hentry"],"uagb_featured_image_src":{"full":false,"thumbnail":false,"medium":false,"medium_large":false,"large":false,"1536x1536":false,"2048x2048":false},"uagb_author_info":{"display_name":"directortic","author_link":"https:\/\/fundacionopcionmundial.org\/author\/directortic\/"},"uagb_comment_info":0,"uagb_excerpt":"EDUCACI\u00d3N Nuestra fundaci\u00f3n busca fomentar el acceso a una educaci\u00f3n integral, de calidad y gratuita, consider\u00e1ndola un motor de desarrollo humano y econ\u00f3mico. Nos enfocamos en comunidades marginadas por su situaci\u00f3n socioecon\u00f3mica, promoviendo cooperaci\u00f3n con aliados para beneficiar a ni\u00f1os, adolescentes y j\u00f3venes. Adem\u00e1s, implementamos cursos cortos como una apuesta a que nuestra poblaci\u00f3n, por&hellip;","_links":{"self":[{"href":"https:\/\/fundacionopcionmundial.org\/index.php\/wp-json\/wp\/v2\/pages\/45","targetHints":{"allow":["GET"]}}],"collection":[{"href":"https:\/\/fundacionopcionmundial.org\/index.php\/wp-json\/wp\/v2\/pages"}],"about":[{"href":"https:\/\/fundacionopcionmundial.org\/index.php\/wp-json\/wp\/v2\/types\/page"}],"author":[{"embeddable":true,"href":"https:\/\/fundacionopcionmundial.org\/index.php\/wp-json\/wp\/v2\/users\/1"}],"replies":[{"embeddable":true,"href":"https:\/\/fundacionopcionmundial.org\/index.php\/wp-json\/wp\/v2\/comments?post=45"}],"version-history":[{"count":279,"href":"https:\/\/fundacionopcionmundial.org\/index.php\/wp-json\/wp\/v2\/pages\/45\/revisions"}],"predecessor-version":[{"id":5367,"href":"https:\/\/fundacionopcionmundial.org\/index.php\/wp-json\/wp\/v2\/pages\/45\/revisions\/5367"}],"wp:attachment":[{"href":"https:\/\/fundacionopcionmundial.org\/index.php\/wp-json\/wp\/v2\/media?parent=45"}],"curies":[{"name":"wp","href":"https:\/\/api.w.org\/{rel}","templated":true}]}}